{"id":132,"date":"2026-04-10T23:04:56","date_gmt":"2026-04-10T23:04:56","guid":{"rendered":"https:\/\/educationup.pl\/?page_id=132"},"modified":"2026-04-10T23:04:57","modified_gmt":"2026-04-10T23:04:57","slug":"twoja-droga-do-swiadomej-edukacji","status":"publish","type":"page","link":"https:\/\/educationup.pl\/en\/twoja-droga-do-swiadomej-edukacji\/","title":{"rendered":"Twoja Droga do \u015awiadomej Edukacji&#8230;"},"content":{"rendered":"<p class=\"ext-animate--on\">W EducationUp wierzymy, \u017ce nauka nie powinna by\u0107 przykrym obowi\u0105zkiem, lecz fascynuj\u0105c\u0105 podr\u00f3\u017c\u0105, kt\u00f3ra otwiera drzwi do nieograniczonych mo\u017cliwo\u015bci. Nasz\u0105 misj\u0105 jest demokratyzacja dost\u0119pu do wysokiej jako\u015bci wiedzy oraz wspieranie ka\u017cdego nauczyciela i dyrektora szko\u0142y w odkrywaniu jego unikalnego potencja\u0142u.<br><br>\u017byjemy w dynamicznie zmieniaj\u0105cym si\u0119 \u015bwiecie, dlatego tworzymy przestrze\u0144, kt\u00f3ra \u0142\u0105czy tradycyjne warto\u015bci edukacyjne z nowoczesnymi technologiami. Chcemy, aby proces uczenia si\u0119 by\u0142 efektywny, anga\u017cuj\u0105cy i dostosowany do indywidualnych potrzeb wsp\u00f3\u0142czesnego pokolenia.<\/p>\n\n\n\n<h6 class=\"wp-block-heading ext-animate--on\"><strong>Czym si\u0119 zajmujemy?<\/strong><\/h6>\n\n\n\n<p class=\"ext-animate--on\">Nasza dzia\u0142alno\u015b\u0107 koncentruje si\u0119 na trzech filarach, kt\u00f3re stanowi\u0105 fundament sukcesu:<\/p>\n\n\n\n<p class=\"ext-animate--on\"><strong>Personalizowane wsparcie: <\/strong>Dostarczamy narz\u0119dzia i materia\u0142y edukacyjne, kt\u00f3re pozwalaj\u0105 na nauk\u0119 we w\u0142asnym tempie. Rozumiemy, \u017ce ka\u017cdy jest inny, dlatego promujemy podej\u015bcie dopasowane do indywidualnego stylu przyswajania wiedzy.<br><br><strong>\u0141\u0105czenie teorii z praktyk\u0105:<\/strong> Nie uczymy \u201epod testy\u201d. Pokazujemy, jak zdobyt\u0105 wiedz\u0119 wykorzysta\u0107 w rzeczywistym \u017cyciu, rozwijaj\u0105c kompetencje przysz\u0142o\u015bci, takie jak krytyczne my\u015blenie, kreatywno\u015b\u0107 i umiej\u0119tno\u015b\u0107 rozwi\u0105zywania problem\u00f3w.<br><br><strong>Budowanie spo\u0142eczno\u015bci: <\/strong>EducationUp to nie tylko platforma, to miejsce spotka\u0144 ambitnych ludzi, pasjonat\u00f3w nauki i do\u015bwiadczonych mentor\u00f3w. Tworzymy \u015brodowisko oparte na wzajemnej motywacji i wsparciu.<\/p>\n\n\n\n<h6 class=\"wp-block-heading ext-animate--on\"><strong>Dlaczego my?<\/strong><\/h6>\n\n\n\n<pre class=\"wp-block-code ext-animate--on\"><code>\u201eEdukacja to najpot\u0119\u017cniejsza bro\u0144, kt\u00f3rej mo\u017cesz u\u017cy\u0107, aby zmieni\u0107 \u015bwiat\u201d. \u2013 Ta my\u015bl przy\u015bwieca nam ka\u017cdego dnia.<\/code><\/pre>\n\n\n\n<p class=\"ext-animate--on\">Wybieraj\u0105c EducationUp, stawiasz na partnera, kt\u00f3ry idzie z Tob\u0105 krok w krok. Niezale\u017cnie od tego, czy przygotowujesz si\u0119 do awansu zawodowego, chcesz podszlifowa\u0107 j\u0119zyk obcy, czy po prostu pragniesz zrozumie\u0107 zmiany w systemie dukacji \u2013 jeste\u015bmy tu, aby Ci w tym pom\u00f3c.<\/p>\n\n\n\n<p class=\"ext-animate--on\">Razem z nami wejd\u017a na wy\u017cszy poziom edukacji. Let\u2019s EducationUp!<\/p>","protected":false},"excerpt":{"rendered":"<p>W EducationUp wierzymy, \u017ce nauka nie powinna by\u0107 przykrym obowi\u0105zkiem, lecz fascynuj\u0105c\u0105 podr\u00f3\u017c\u0105, kt\u00f3ra otwiera drzwi do nieograniczonych mo\u017cliwo\u015bci. Nasz\u0105 misj\u0105 jest demokratyzacja dost\u0119pu do wysokiej jako\u015bci wiedzy oraz wspieranie ka\u017cdego nauczyciela i dyrektora szko\u0142y w odkrywaniu jego unikalnego potencja\u0142u. \u017byjemy w dynamicznie zmieniaj\u0105cym si\u0119 \u015bwiecie, dlatego tworzymy przestrze\u0144, kt\u00f3ra \u0142\u0105czy tradycyjne warto\u015bci edukacyjne z [&hellip;]<\/p>\n","protected":false},"author":1,"featured_media":0,"parent":0,"menu_order":0,"comment_status":"closed","ping_status":"closed","template":"page-with-title","meta":{"om_disable_all_campaigns":false,"_monsterinsights_skip_tracking":false,"_monsterinsights_sitenote_active":false,"_monsterinsights_sitenote_note":"","_monsterinsights_sitenote_category":0,"footnotes":""},"class_list":["post-132","page","type-page","status-publish","hentry"],"aioseo_notices":[],"_links":{"self":[{"href":"https:\/\/educationup.pl\/en\/wp-json\/wp\/v2\/pages\/132","targetHints":{"allow":["GET"]}}],"collection":[{"href":"https:\/\/educationup.pl\/en\/wp-json\/wp\/v2\/pages"}],"about":[{"href":"https:\/\/educationup.pl\/en\/wp-json\/wp\/v2\/types\/page"}],"author":[{"embeddable":true,"href":"https:\/\/educationup.pl\/en\/wp-json\/wp\/v2\/users\/1"}],"replies":[{"embeddable":true,"href":"https:\/\/educationup.pl\/en\/wp-json\/wp\/v2\/comments?post=132"}],"version-history":[{"count":1,"href":"https:\/\/educationup.pl\/en\/wp-json\/wp\/v2\/pages\/132\/revisions"}],"predecessor-version":[{"id":136,"href":"https:\/\/educationup.pl\/en\/wp-json\/wp\/v2\/pages\/132\/revisions\/136"}],"wp:attachment":[{"href":"https:\/\/educationup.pl\/en\/wp-json\/wp\/v2\/media?parent=132"}],"curies":[{"name":"wp","href":"https:\/\/api.w.org\/{rel}","templated":true}]}}